{"id":4585,"date":"2024-04-28T09:05:56","date_gmt":"2024-04-28T09:05:56","guid":{"rendered":"https:\/\/wphix.com\/wp\/ishpat\/?page_id=15"},"modified":"2026-04-09T15:07:57","modified_gmt":"2026-04-09T13:07:57","slug":"contactos","status":"publish","type":"page","link":"https:\/\/starsoft.com.py\/v4\/contactos\/","title":{"rendered":"Contactos"},"content":{"rendered":"\t\t<div data-elementor-type=\"wp-page\" data-elementor-id=\"4585\" class=\"elementor elementor-4585\">\n\t\t\t\t<div class=\"elementor-element elementor-element-2eaf695 e-flex e-con-boxed e-con e-parent\" data-id=\"2eaf695\" data-element_type=\"container\">\n\t\t\t\t\t<div class=\"e-con-inner\">\n\t\t<div class=\"elementor-element elementor-element-c4bacae e-con-full e-flex e-con e-child\" data-id=\"c4bacae\" data-element_type=\"container\">\n\t\t<div class=\"elementor-element elementor-element-fbf8740 e-flex e-con-boxed e-con e-child\" data-id=\"fbf8740\" data-element_type=\"container\">\n\t\t\t\t\t<div class=\"e-con-inner\">\n\t\t\t\t<div class=\"elementor-element elementor-element-ca6883b elementor-widget elementor-widget-tp-contact-info\" data-id=\"ca6883b\" data-element_type=\"widget\" data-settings=\"{&quot;link_type&quot;:&quot;url&quot;}\" data-widget_type=\"tp-contact-info.default\">\n\t\t\t\t<div class=\"elementor-widget-container\">\n\t\t\t\t\t\r\n<div class=\"tp-contact-item text-center\">\r\n    <div class=\"tp-contact-item-icon\">\r\n        <span>\r\n                                                <i class=\"tp-el-icon\">\r\n                        <i aria-hidden=\"true\" class=\"tp flaticon-location\"><\/i>                    <\/i>\r\n                                        <\/span>\r\n    <\/div>\r\n    <div class=\"tp-contact-item-content\">\r\n                    <h3 class=\"tp-contact-item-title\">Oficina central<\/h3>\r\n        \r\n                    <a href=\"#\">Ind. Nacional 802 esq. Humait\u00e1<br> Asunci\u00f3n - Paraguay<\/a>\r\n        \r\n    <\/div>\r\n<\/div>\r\n\t\t\t\t<\/div>\n\t\t\t\t<\/div>\n\t\t\t\t\t<\/div>\n\t\t\t\t<\/div>\n\t\t<div class=\"elementor-element elementor-element-fc2e3d5 e-flex e-con-boxed e-con e-child\" data-id=\"fc2e3d5\" data-element_type=\"container\">\n\t\t\t\t\t<div class=\"e-con-inner\">\n\t\t\t\t<div class=\"elementor-element elementor-element-db41a89 elementor-widget elementor-widget-tp-contact-info\" data-id=\"db41a89\" data-element_type=\"widget\" data-settings=\"{&quot;link_type&quot;:&quot;tell&quot;}\" data-widget_type=\"tp-contact-info.default\">\n\t\t\t\t<div class=\"elementor-widget-container\">\n\t\t\t\t\t\r\n<div class=\"tp-contact-item text-center\">\r\n    <div class=\"tp-contact-item-icon\">\r\n        <span>\r\n                                                <i class=\"tp-el-icon\">\r\n                        <i aria-hidden=\"true\" class=\"tp flaticon-phone-call\"><\/i>                    <\/i>\r\n                                        <\/span>\r\n    <\/div>\r\n    <div class=\"tp-contact-item-content\">\r\n                    <h3 class=\"tp-contact-item-title\">Tel\u00e9fono<\/h3>\r\n        \r\n                    <a href=\"tel:(602)%20762%20472%2096\">(021) 729 0909<br>\n<\/a>\r\n        \r\n    <\/div>\r\n<\/div>\r\n\t\t\t\t<\/div>\n\t\t\t\t<\/div>\n\t\t\t\t\t<\/div>\n\t\t\t\t<\/div>\n\t\t<div class=\"elementor-element elementor-element-e130611 e-flex e-con-boxed e-con e-child\" data-id=\"e130611\" data-element_type=\"container\">\n\t\t\t\t\t<div class=\"e-con-inner\">\n\t\t\t\t<div class=\"elementor-element elementor-element-3b55a69 elementor-widget elementor-widget-tp-contact-info\" data-id=\"3b55a69\" data-element_type=\"widget\" data-settings=\"{&quot;link_type&quot;:&quot;url&quot;}\" data-widget_type=\"tp-contact-info.default\">\n\t\t\t\t<div class=\"elementor-widget-container\">\n\t\t\t\t\t\r\n<div class=\"tp-contact-item text-center\">\r\n    <div class=\"tp-contact-item-icon\">\r\n        <span>\r\n                                                    <i class=\"tp-el-icon\">\r\n                        <img decoding=\"async\" src=\"https:\/\/starsoft.com.py\/v4\/wp-content\/uploads\/2026\/03\/icon-ws2.png\" alt=\"\">\r\n                    <\/i>\r\n                                        <\/span>\r\n    <\/div>\r\n    <div class=\"tp-contact-item-content\">\r\n                    <h3 class=\"tp-contact-item-title\">Asistencia SIGA<\/h3>\r\n        \r\n                    <a href=\"https:\/\/wa.me\/595976800969\">0976800969\n<\/a>\r\n        \r\n    <\/div>\r\n<\/div>\r\n\t\t\t\t<\/div>\n\t\t\t\t<\/div>\n\t\t\t\t\t<\/div>\n\t\t\t\t<\/div>\n\t\t<div class=\"elementor-element elementor-element-30ab8da e-con-full e-flex e-con e-child\" data-id=\"30ab8da\" data-element_type=\"container\">\n\t\t\t\t<div class=\"elementor-element elementor-element-e9583b5 elementor-widget elementor-widget-tp-contact-info\" data-id=\"e9583b5\" data-element_type=\"widget\" data-settings=\"{&quot;link_type&quot;:&quot;url&quot;}\" data-widget_type=\"tp-contact-info.default\">\n\t\t\t\t<div class=\"elementor-widget-container\">\n\t\t\t\t\t\r\n<div class=\"tp-contact-item text-center\">\r\n    <div class=\"tp-contact-item-icon\">\r\n        <span>\r\n                                                    <i class=\"tp-el-icon\">\r\n                        <img decoding=\"async\" src=\"https:\/\/starsoft.com.py\/v4\/wp-content\/uploads\/2026\/03\/icon-ws2.png\" alt=\"\">\r\n                    <\/i>\r\n                                        <\/span>\r\n    <\/div>\r\n    <div class=\"tp-contact-item-content\">\r\n                    <h3 class=\"tp-contact-item-title\">Asistencia EXPERT<\/h3>\r\n        \r\n                    <a href=\"https:\/\/wa.me\/595976800969\">0994409744\n<\/a>\r\n        \r\n    <\/div>\r\n<\/div>\r\n\t\t\t\t<\/div>\n\t\t\t\t<\/div>\n\t\t\t\t<\/div>\n\t\t\t\t<\/div>\n\t\t\t\t\t<\/div>\n\t\t\t\t<\/div>\n\t\t<div class=\"elementor-element elementor-element-805b819 e-flex e-con-boxed e-con e-parent\" data-id=\"805b819\" data-element_type=\"container\">\n\t\t\t\t\t<div class=\"e-con-inner\">\n\t\t<div class=\"elementor-element elementor-element-998dffc e-con-full e-flex e-con e-child\" data-id=\"998dffc\" data-element_type=\"container\">\n\t\t<div class=\"elementor-element elementor-element-5c79e99 e-flex e-con-boxed e-con e-child\" data-id=\"5c79e99\" data-element_type=\"container\">\n\t\t\t\t\t<div class=\"e-con-inner\">\n\t\t\t\t<div class=\"elementor-element elementor-element-15dab46 elementor-widget elementor-widget-tp-contact-info\" data-id=\"15dab46\" data-element_type=\"widget\" data-settings=\"{&quot;link_type&quot;:&quot;url&quot;}\" data-widget_type=\"tp-contact-info.default\">\n\t\t\t\t<div class=\"elementor-widget-container\">\n\t\t\t\t\t\r\n<div class=\"tp-contact-item text-center\">\r\n    <div class=\"tp-contact-item-icon\">\r\n        <span>\r\n                                                    <i class=\"tp-el-icon\">\r\n                        <img decoding=\"async\" src=\"https:\/\/starsoft.com.py\/v4\/wp-content\/uploads\/2026\/03\/icon-ws2.png\" alt=\"\">\r\n                    <\/i>\r\n                                        <\/span>\r\n    <\/div>\r\n    <div class=\"tp-contact-item-content\">\r\n                    <h3 class=\"tp-contact-item-title\">Asistencia EXPERT 360<\/h3>\r\n        \r\n                    <a href=\"https:\/\/wa.me\/595972472636\">0972472636<\/a>\r\n        \r\n    <\/div>\r\n<\/div>\r\n\t\t\t\t<\/div>\n\t\t\t\t<\/div>\n\t\t\t\t\t<\/div>\n\t\t\t\t<\/div>\n\t\t<div class=\"elementor-element elementor-element-2530d0d e-flex e-con-boxed e-con e-child\" data-id=\"2530d0d\" data-element_type=\"container\">\n\t\t\t\t\t<div class=\"e-con-inner\">\n\t\t\t\t<div class=\"elementor-element elementor-element-39db3a1 elementor-widget elementor-widget-tp-contact-info\" data-id=\"39db3a1\" data-element_type=\"widget\" data-settings=\"{&quot;link_type&quot;:&quot;tell&quot;}\" data-widget_type=\"tp-contact-info.default\">\n\t\t\t\t<div class=\"elementor-widget-container\">\n\t\t\t\t\t\r\n<div class=\"tp-contact-item text-center\">\r\n    <div class=\"tp-contact-item-icon\">\r\n        <span>\r\n                                                <i class=\"tp-el-icon\">\r\n                        <i aria-hidden=\"true\" class=\"tp flaticon-phone-call\"><\/i>                    <\/i>\r\n                                        <\/span>\r\n    <\/div>\r\n    <div class=\"tp-contact-item-content\">\r\n                    <h3 class=\"tp-contact-item-title\">Actualizaci\u00f3n<\/h3>\r\n        \r\n                    <a href=\"tel:(602)%20762%20472%2096\">(021) 729 0909<br>\n(Opci\u00f3n 6)<\/a>\r\n        \r\n    <\/div>\r\n<\/div>\r\n\t\t\t\t<\/div>\n\t\t\t\t<\/div>\n\t\t\t\t\t<\/div>\n\t\t\t\t<\/div>\n\t\t<div class=\"elementor-element elementor-element-0dfc0c2 e-flex e-con-boxed e-con e-child\" data-id=\"0dfc0c2\" data-element_type=\"container\">\n\t\t\t\t\t<div class=\"e-con-inner\">\n\t\t\t\t<div class=\"elementor-element elementor-element-748d1ab elementor-widget elementor-widget-tp-contact-info\" data-id=\"748d1ab\" data-element_type=\"widget\" data-settings=\"{&quot;link_type&quot;:&quot;url&quot;}\" data-widget_type=\"tp-contact-info.default\">\n\t\t\t\t<div class=\"elementor-widget-container\">\n\t\t\t\t\t\r\n<div class=\"tp-contact-item text-center\">\r\n    <div class=\"tp-contact-item-icon\">\r\n        <span>\r\n                                                    <i class=\"tp-el-icon\">\r\n                        <img decoding=\"async\" src=\"https:\/\/starsoft.com.py\/v4\/wp-content\/uploads\/2026\/03\/icon-ws2.png\" alt=\"\">\r\n                    <\/i>\r\n                                        <\/span>\r\n    <\/div>\r\n    <div class=\"tp-contact-item-content\">\r\n                    <h3 class=\"tp-contact-item-title\">Factura Electr\u00f3nica<\/h3>\r\n        \r\n                    <a href=\"https:\/\/wa.me\/595972472636\">0972472636\n<\/a>\r\n        \r\n    <\/div>\r\n<\/div>\r\n\t\t\t\t<\/div>\n\t\t\t\t<\/div>\n\t\t\t\t\t<\/div>\n\t\t\t\t<\/div>\n\t\t<div class=\"elementor-element elementor-element-c662f5b e-con-full e-flex e-con e-child\" data-id=\"c662f5b\" data-element_type=\"container\">\n\t\t\t\t<div class=\"elementor-element elementor-element-b935a95 elementor-widget elementor-widget-tp-contact-info\" data-id=\"b935a95\" data-element_type=\"widget\" data-settings=\"{&quot;link_type&quot;:&quot;url&quot;}\" data-widget_type=\"tp-contact-info.default\">\n\t\t\t\t<div class=\"elementor-widget-container\">\n\t\t\t\t\t\r\n<div class=\"tp-contact-item text-center\">\r\n    <div class=\"tp-contact-item-icon\">\r\n        <span>\r\n                                                    <i class=\"tp-el-icon\">\r\n                        <img decoding=\"async\" src=\"https:\/\/starsoft.com.py\/v4\/wp-content\/uploads\/2026\/03\/icon-ws2.png\" alt=\"\">\r\n                    <\/i>\r\n                                        <\/span>\r\n    <\/div>\r\n    <div class=\"tp-contact-item-content\">\r\n                    <h3 class=\"tp-contact-item-title\">Ventas<\/h3>\r\n        \r\n                    <a href=\"https:\/\/wa.me\/595994157625\">0994157625\n<\/a>\r\n        \r\n    <\/div>\r\n<\/div>\r\n\t\t\t\t<\/div>\n\t\t\t\t<\/div>\n\t\t\t\t<\/div>\n\t\t\t\t<\/div>\n\t\t\t\t\t<\/div>\n\t\t\t\t<\/div>\n\t\t<div class=\"elementor-element elementor-element-c1b54ee e-con-full e-flex e-con e-parent\" data-id=\"c1b54ee\" data-element_type=\"container\">\n\t\t\t\t<div class=\"elementor-element elementor-element-6c763f1 elementor-widget elementor-widget-google_maps\" data-id=\"6c763f1\" data-element_type=\"widget\" data-widget_type=\"google_maps.default\">\n\t\t\t\t\t\t\t<div class=\"elementor-custom-embed\">\n\t\t\t<iframe loading=\"lazy\"\n\t\t\t\t\tsrc=\"https:\/\/maps.google.com\/maps?q=starsoft&#038;t=m&#038;z=17&#038;output=embed&#038;iwloc=near\"\n\t\t\t\t\ttitle=\"starsoft\"\n\t\t\t\t\taria-label=\"starsoft\"\n\t\t\t><\/iframe>\n\t\t<\/div>\n\t\t\t\t\t\t<\/div>\n\t\t\t\t<\/div>\n\t\t\t\t<\/div>\n\t\t","protected":false},"excerpt":{"rendered":"<p>Oficina central Ind. Nacional 802 esq. Humait\u00e1 Asunci\u00f3n &#8211; Paraguay Tel\u00e9fono (021) 729 0909 Asistencia SIGA 0976800969 Asistencia EXPERT 0994409744 Asistencia EXPERT 360 0972472636 Actualizaci\u00f3n (021) 729 0909 (Opci\u00f3n 6) Factura Electr\u00f3nica 0972472636 Ventas 0994157625<\/p>\n","protected":false},"author":1,"featured_media":0,"parent":0,"menu_order":0,"comment_status":"closed","ping_status":"closed","template":"elementor_header_footer","meta":{"footnotes":""},"class_list":["post-4585","page","type-page","status-publish","hentry"],"_links":{"self":[{"href":"https:\/\/starsoft.com.py\/v4\/wp-json\/wp\/v2\/pages\/4585","targetHints":{"allow":["GET"]}}],"collection":[{"href":"https:\/\/starsoft.com.py\/v4\/wp-json\/wp\/v2\/pages"}],"about":[{"href":"https:\/\/starsoft.com.py\/v4\/wp-json\/wp\/v2\/types\/page"}],"author":[{"embeddable":true,"href":"https:\/\/starsoft.com.py\/v4\/wp-json\/wp\/v2\/users\/1"}],"replies":[{"embeddable":true,"href":"https:\/\/starsoft.com.py\/v4\/wp-json\/wp\/v2\/comments?post=4585"}],"version-history":[{"count":30,"href":"https:\/\/starsoft.com.py\/v4\/wp-json\/wp\/v2\/pages\/4585\/revisions"}],"predecessor-version":[{"id":6290,"href":"https:\/\/starsoft.com.py\/v4\/wp-json\/wp\/v2\/pages\/4585\/revisions\/6290"}],"wp:attachment":[{"href":"https:\/\/starsoft.com.py\/v4\/wp-json\/wp\/v2\/media?parent=4585"}],"curies":[{"name":"wp","href":"https:\/\/api.w.org\/{rel}","templated":true}]}}