{"id":5145,"date":"2025-10-23T05:11:07","date_gmt":"2025-10-23T03:11:07","guid":{"rendered":"http:\/\/localhost\/starsoft\/?page_id=5145"},"modified":"2026-03-12T15:17:33","modified_gmt":"2026-03-12T14:17:33","slug":"escribania","status":"publish","type":"page","link":"https:\/\/starsoft.com.py\/v4\/escribania\/","title":{"rendered":"Escriban\u00eda"},"content":{"rendered":"\t\t<div data-elementor-type=\"wp-page\" data-elementor-id=\"5145\" class=\"elementor elementor-5145\">\n\t\t\t\t<div class=\"elementor-element elementor-element-a4eb51d e-flex e-con-boxed e-con e-parent\" data-id=\"a4eb51d\" data-element_type=\"container\">\n\t\t\t\t\t<div class=\"e-con-inner\">\n\t\t<div class=\"elementor-element elementor-element-6cd76a0 e-con-full e-flex e-con e-child\" data-id=\"6cd76a0\" data-element_type=\"container\">\n\t\t<div class=\"elementor-element elementor-element-d171003 e-flex e-con-boxed e-con e-child\" data-id=\"d171003\" data-element_type=\"container\">\n\t\t\t\t\t<div class=\"e-con-inner\">\n\t\t\t\t<div class=\"elementor-element elementor-element-f8f6028 elementor-widget elementor-widget-tp-about-img\" data-id=\"f8f6028\" data-element_type=\"widget\" data-widget_type=\"tp-about-img.default\">\n\t\t\t\t<div class=\"elementor-widget-container\">\n\t\t\t\t\t\r\n\r\n\r\n<div class=\"tp-about-7-thumb-wrapper p-relative tp-el-section \"  >\r\n    <div class=\"tp-about-7-thumb d-flex justify-content-lg-end\">\r\n        <div class=\"tp-hover-distort-wrapper shape-1\">\r\n            <div class=\"canvas\"><\/div>\r\n            <div class=\"tp-hover-distort\" data-displacementImage=\"https:\/\/starsoft.com.py\/v4\/wp-content\/themes\/ishpat\/assets\/img\/webgl\/1.jpg\">\r\n                <img decoding=\"async\" class=\"tp-hover-distort-img front\"  src=\"https:\/\/starsoft.com.py\/v4\/wp-content\/uploads\/2025\/10\/portada-expert2-3.png\" alt=\"\">\r\n                <img decoding=\"async\" class=\"tp-hover-distort-img back\" src=\"https:\/\/starsoft.com.py\/v4\/wp-content\/uploads\/2025\/10\/portada-expert2-3.png\" alt=\"\">\r\n            <\/div>\r\n        <\/div>\r\n\r\n        <div class=\"tp-hover-distort-wrapper main\">\r\n            <div class=\"canvas\"><\/div>\r\n            <div class=\"tp-hover-distort\" data-displacementImage=\"https:\/\/starsoft.com.py\/v4\/wp-content\/themes\/ishpat\/assets\/img\/webgl\/1.jpg\">\r\n                <img decoding=\"async\" class=\"tp-hover-distort-img front\" src=\"https:\/\/starsoft.com.py\/v4\/wp-content\/uploads\/2025\/10\/portada-escribania.png\" alt=\"\">\r\n                <img decoding=\"async\" class=\"tp-hover-distort-img back\" src=\"https:\/\/starsoft.com.py\/v4\/wp-content\/uploads\/2025\/10\/portada-escribania.png\" alt=\"\">\r\n            <\/div>\r\n        <\/div>\r\n\r\n        <div class=\"tp-about-7-ex\" data-background=\"\">\r\n            <h5 class=\"tp-about-7-ex-title\"><\/h5>\r\n            <p><\/p>\r\n        <\/div>\r\n    <\/div>\r\n<\/div>\r\n<!--Default style-->\r\n\t\t\t\t<\/div>\n\t\t\t\t<\/div>\n\t\t\t\t\t<\/div>\n\t\t\t\t<\/div>\n\t\t\t\t<\/div>\n\t\t<div class=\"elementor-element elementor-element-4a532ec e-con-full e-flex e-con e-child\" data-id=\"4a532ec\" data-element_type=\"container\">\n\t\t<div class=\"elementor-element elementor-element-1355dd4 e-flex e-con-boxed e-con e-child\" data-id=\"1355dd4\" data-element_type=\"container\">\n\t\t\t\t\t<div class=\"e-con-inner\">\n\t\t\t\t<div class=\"elementor-element elementor-element-14ca749 elementor-widget elementor-widget-tp-heading\" data-id=\"14ca749\" data-element_type=\"widget\" data-settings=\"{&quot;tp_anima_type&quot;:&quot;fadeInRight&quot;}\" data-widget_type=\"tp-heading.default\">\n\t\t\t\t<div class=\"elementor-widget-container\">\n\t\t\t\t\t\r\n\r\n<div class=\"tp-about-title-wrapper align-box tp-el-section wow fadeInRight\" data-wow-duration=\"1s\" data-wow-delay=\"0.3s\">\r\n\t\t<h2 class=\"tp-section-title tp-el-title\">Donde la gesti\u00f3n notarial se encuentra con la tecnolog\u00eda<\/h2>\t\t\t<p class=\"tp-el-content\">Sistema integral creado para potenciar la gesti\u00f3n profesional de los escribanos, garantizando eficiencia y seguridad en cada operaci\u00f3n.<\/p>\r\n\t<\/div>\r\n\t\t\t\t<\/div>\n\t\t\t\t<\/div>\n\t\t\t\t\t<\/div>\n\t\t\t\t<\/div>\n\t\t<div class=\"elementor-element elementor-element-ffcd63f e-flex e-con-boxed e-con e-child\" data-id=\"ffcd63f\" data-element_type=\"container\">\n\t\t\t\t\t<div class=\"e-con-inner\">\n\t\t<div class=\"elementor-element elementor-element-6d44d90 e-con-full e-flex e-con e-child\" data-id=\"6d44d90\" data-element_type=\"container\">\n\t\t\t\t<div class=\"elementor-element elementor-element-be25325 elementor-widget elementor-widget-iconbox\" data-id=\"be25325\" data-element_type=\"widget\" data-settings=\"{&quot;tp_anima_type&quot;:&quot;fadeInRight&quot;}\" data-widget_type=\"iconbox.default\">\n\t\t\t\t<div class=\"elementor-widget-container\">\n\t\t\t\t\t\r\n\r\n<div class=\"tp-about-icon-box-xy tp-el-section wow fadeInRight\" data-wow-duration=\"1s\" data-wow-delay=\"0.3s\">\r\n    <div class=\"tp-about-icon-content d-flex\">\r\n        <div class=\"tp-about-icon tp-icon-style\">\r\n                                                <span><i aria-hidden=\"true\" class=\"tp flaticon-quality\"><\/i><\/span>\r\n                                    <\/div>\r\n                    <h5>Garant\u00eda y experiencia<\/h5>\r\n            <\/div>\r\n<\/div>\r\n \r\n\r\n\t\t\t\t<\/div>\n\t\t\t\t<\/div>\n\t\t\t\t<\/div>\n\t\t<div class=\"elementor-element elementor-element-d1f1ec0 e-con-full e-flex e-con e-child\" data-id=\"d1f1ec0\" data-element_type=\"container\">\n\t\t\t\t<div class=\"elementor-element elementor-element-ba305ba elementor-widget elementor-widget-iconbox\" data-id=\"ba305ba\" data-element_type=\"widget\" data-settings=\"{&quot;tp_anima_type&quot;:&quot;fadeInRight&quot;}\" data-widget_type=\"iconbox.default\">\n\t\t\t\t<div class=\"elementor-widget-container\">\n\t\t\t\t\t\r\n\r\n<div class=\"tp-about-icon-box-xy tp-el-section wow fadeInRight\" data-wow-duration=\"1s\" data-wow-delay=\"0.3s\">\r\n    <div class=\"tp-about-icon-content d-flex\">\r\n        <div class=\"tp-about-icon tp-icon-style\">\r\n                                                <span><i aria-hidden=\"true\" class=\"tp flaticon-worker\"><\/i><\/span>\r\n                                    <\/div>\r\n                    <h5>Asistencia t\u00e9cnica<\/h5>\r\n            <\/div>\r\n<\/div>\r\n \r\n\r\n\t\t\t\t<\/div>\n\t\t\t\t<\/div>\n\t\t\t\t<\/div>\n\t\t\t\t\t<\/div>\n\t\t\t\t<\/div>\n\t\t<div class=\"elementor-element elementor-element-86bbcdd e-con-full e-flex e-con e-child\" data-id=\"86bbcdd\" data-element_type=\"container\">\n\t\t\t\t<div class=\"elementor-element elementor-element-889b496 elementor-widget-divider--view-line elementor-widget elementor-widget-divider\" data-id=\"889b496\" data-element_type=\"widget\" data-widget_type=\"divider.default\">\n\t\t\t\t\t\t\t<div class=\"elementor-divider\">\n\t\t\t<span class=\"elementor-divider-separator\">\n\t\t\t\t\t\t<\/span>\n\t\t<\/div>\n\t\t\t\t\t\t<\/div>\n\t\t\t\t<\/div>\n\t\t<div class=\"elementor-element elementor-element-2d29044 e-con-full e-flex e-con e-child\" data-id=\"2d29044\" data-element_type=\"container\">\n\t\t<div class=\"elementor-element elementor-element-cce506d e-flex e-con-boxed e-con e-child\" data-id=\"cce506d\" data-element_type=\"container\" data-settings=\"{&quot;background_background&quot;:&quot;classic&quot;}\">\n\t\t\t\t\t<div class=\"e-con-inner\">\n\t\t\t\t<div class=\"elementor-element elementor-element-efaf9c1 elementor-widget elementor-widget-tp-button\" data-id=\"efaf9c1\" data-element_type=\"widget\" data-widget_type=\"tp-button.default\">\n\t\t\t\t<div class=\"elementor-widget-container\">\n\t\t\t\t\t\r\n\r\n\r\n<div class=\"align-box ele-section \"  >\r\n    <a href=\"https:\/\/wa.me\/595994157625?text=Hola%2C%20Tengo%20inter\u00e9s%20en%20el%20sistema%20Escriban\u00eda\" target=\"_blank\" rel=\"nofollow\" class=\"tp-btn tp-icon-style tp-el-btn\">\u00a1Quiero mi sistema Escriban\u00eda!        <span>\r\n            <svg class=\"qodef-svg--custom-arrow qodef-m-arrow\" xmlns=\"http:\/\/www.w3.org\/2000\/svg\" width=\"14.2\"\r\n                height=\"14.2\" viewBox=\"0 0 14.2 14.2\">\r\n                <g>\r\n                    <path d=\"M13.2 9V1h-8M13.4.8.7 13.5\"><\/path>\r\n                    <path d=\"M13.2 9V1h-8M13.4.8.7 13.5\"><\/path>\r\n                <\/g>\r\n                <g>\r\n                    <path d=\"M13.2 9V1h-8M13.4.8.7 13.5\"><\/path>\r\n                    <path d=\"M13.2 9V1h-8M13.4.8.7 13.5\"><\/path>\r\n                <\/g>\r\n            <\/svg>\r\n        <\/span>\r\n    <\/a>\r\n<\/div>\r\n\r\n\t\t\t\t<\/div>\n\t\t\t\t<\/div>\n\t\t\t\t\t<\/div>\n\t\t\t\t<\/div>\n\t\t<div class=\"elementor-element elementor-element-ebc0db9 e-flex e-con-boxed e-con e-child\" data-id=\"ebc0db9\" data-element_type=\"container\">\n\t\t\t\t\t<div class=\"e-con-inner\">\n\t\t\t\t<div class=\"elementor-element elementor-element-235b404 elementor-widget elementor-widget-image\" data-id=\"235b404\" data-element_type=\"widget\" data-widget_type=\"image.default\">\n\t\t\t\t\t\t\t\t\t\t\t\t\t\t\t<img decoding=\"async\" width=\"138\" height=\"74\" src=\"https:\/\/starsoft.com.py\/v4\/wp-content\/uploads\/2025\/10\/blanco-3.jpg\" class=\"attachment-full size-full wp-image-5386\" alt=\"\" \/>\t\t\t\t\t\t\t\t\t\t\t\t\t\t\t<\/div>\n\t\t\t\t\t<\/div>\n\t\t\t\t<\/div>\n\t\t\t\t<\/div>\n\t\t\t\t<\/div>\n\t\t\t\t\t<\/div>\n\t\t\t\t<\/div>\n\t\t<div class=\"elementor-element elementor-element-74fe892 e-flex e-con-boxed e-con e-parent\" data-id=\"74fe892\" data-element_type=\"container\">\n\t\t\t\t\t<div class=\"e-con-inner\">\n\t\t<div class=\"elementor-element elementor-element-2a5abaa e-con-full e-flex e-con e-child\" data-id=\"2a5abaa\" data-element_type=\"container\">\n\t\t\t\t<div class=\"elementor-element elementor-element-586efb0 elementor-widget elementor-widget-image\" data-id=\"586efb0\" data-element_type=\"widget\" data-widget_type=\"image.default\">\n\t\t\t\t\t\t\t\t\t\t\t\t\t\t\t<img decoding=\"async\" width=\"300\" height=\"60\" src=\"https:\/\/starsoft.com.py\/v4\/wp-content\/uploads\/2025\/10\/Logo-Escribania.png\" class=\"attachment-medium size-medium wp-image-5149\" alt=\"\" \/>\t\t\t\t\t\t\t\t\t\t\t\t\t\t\t<\/div>\n\t\t\t\t<\/div>\n\t\t<div class=\"elementor-element elementor-element-0debfc0 e-con-full e-flex e-con e-child\" data-id=\"0debfc0\" data-element_type=\"container\">\n\t\t\t\t<div class=\"elementor-element elementor-element-44f1d87 elementor-widget elementor-widget-image\" data-id=\"44f1d87\" data-element_type=\"widget\" data-widget_type=\"image.default\">\n\t\t\t\t\t\t\t\t\t\t\t\t\t\t\t\t<a href=\"https:\/\/www.youtube.com\/watch?v=aOMau7MS5OI\" target=\"_blank\">\n\t\t\t\t\t\t\t<img fetchpriority=\"high\" decoding=\"async\" width=\"600\" height=\"203\" src=\"https:\/\/starsoft.com.py\/v4\/wp-content\/uploads\/2025\/10\/videoside-2.png\" class=\"attachment-large size-large wp-image-5379\" alt=\"\" \/>\t\t\t\t\t\t\t\t<\/a>\n\t\t\t\t\t\t\t\t\t\t\t\t\t\t\t<\/div>\n\t\t\t\t<\/div>\n\t\t\t\t\t<\/div>\n\t\t\t\t<\/div>\n\t\t<div class=\"elementor-element elementor-element-31f128a e-flex e-con-boxed e-con e-parent\" data-id=\"31f128a\" data-element_type=\"container\">\n\t\t\t\t\t<div class=\"e-con-inner\">\n\t\t<div class=\"elementor-element elementor-element-890494b e-con-full e-flex e-con e-child\" data-id=\"890494b\" data-element_type=\"container\">\n\t\t\t\t<div class=\"elementor-element elementor-element-1d5a082 elementor-widget elementor-widget-text-editor\" data-id=\"1d5a082\" data-element_type=\"widget\" data-widget_type=\"text-editor.default\">\n\t\t\t\t\t\t\t\t\t<p>Este sistema inform\u00e1tico especializado se convierte en el aliado<br \/>perfecto para simplificar y agilizar la labor diaria. Desde el control<br \/>de reembolsos hasta la meticulosa facturaci\u00f3n de honorarios,<br \/>Escriban\u00eda libera un tiempo valioso, permiti\u00e9ndonos enfocarnos en<br \/>brindar un servicio notarial de calidad excepcional a nuestros<br \/>clientes.<\/p>\t\t\t\t\t\t\t\t<\/div>\n\t\t\t\t<\/div>\n\t\t<div class=\"elementor-element elementor-element-e17f524 e-con-full e-flex e-con e-child\" data-id=\"e17f524\" data-element_type=\"container\">\n\t\t\t\t<div class=\"elementor-element elementor-element-818b949 elementor-widget elementor-widget-image\" data-id=\"818b949\" data-element_type=\"widget\" data-widget_type=\"image.default\">\n\t\t\t\t\t\t\t\t\t\t\t\t\t\t\t\t<a href=\"https:\/\/starsoft.com.py\/pdf\/escribania.pdf\">\n\t\t\t\t\t\t\t<img loading=\"lazy\" decoding=\"async\" width=\"600\" height=\"419\" src=\"https:\/\/starsoft.com.py\/v4\/wp-content\/uploads\/2025\/10\/side-bar-banner2-2.png\" class=\"attachment-large size-large wp-image-5380\" alt=\"\" \/>\t\t\t\t\t\t\t\t<\/a>\n\t\t\t\t\t\t\t\t\t\t\t\t\t\t\t<\/div>\n\t\t\t\t<\/div>\n\t\t\t\t\t<\/div>\n\t\t\t\t<\/div>\n\t\t<div class=\"elementor-element elementor-element-bacdcf8 e-con-full e-flex e-con e-parent\" data-id=\"bacdcf8\" data-element_type=\"container\">\n\t\t\t\t<div class=\"elementor-element elementor-element-2a5474b elementor-hidden-tablet elementor-hidden-mobile elementor-widget elementor-widget-tp-cta\" data-id=\"2a5474b\" data-element_type=\"widget\" data-widget_type=\"tp-cta.default\">\n\t\t\t\t<div class=\"elementor-widget-container\">\n\t\t\t\t\t\r\n\r\n\r\n\r\n<section class=\"tp-contact-2-area tp-contact-2-p p-relative fix pt-165 pb-165 ele-section tp-brand-bg\">\r\n        <div class=\"tp-contact-bg\" data-background=\"https:\/\/starsoft.com.py\/v4\/wp-content\/uploads\/2024\/05\/contact-2-bg.jpg\"><\/div>\r\n            <div class=\"tp-contact-2-shape\" data-background=\"https:\/\/starsoft.com.py\/v4\/wp-content\/uploads\/2024\/05\/contact-2-shape.png\"><\/div>\r\n        <div class=\"container\">\r\n        <div class=\"row\">\r\n            <div class=\"col-lg-12\">\r\n                <div class=\"tp-contact-2-wrapper text-center p-relative z-index-1 wow fadeInUp\" data-wow-duration=\"1s\" data-wow-delay=\".3s\">\r\n                                        <h2 class=\"tp-contact-2-title\">Tecnolog\u00eda que simplifica la labor notarial. <br>\n<\/h2>                                                            <div class=\"tp-contact-2-btn\">\r\n                        <a href=\"https:\/\/starsoft.com.py\/pdf\/escribania.pdf\" class=\"tp-btn tp-icon-style\">Descripci\u00f3n completa                            <span>\r\n                                <svg class=\"qodef-svg--custom-arrow qodef-m-arrow\" xmlns=\"http:\/\/www.w3.org\/2000\/svg\" width=\"14.2\" height=\"14.2\" viewBox=\"0 0 14.2 14.2\">\r\n                                    <g><path d=\"M13.2 9V1h-8M13.4.8.7 13.5\"><\/path><path d=\"M13.2 9V1h-8M13.4.8.7 13.5\"><\/path><\/g>\r\n                                    <g><path d=\"M13.2 9V1h-8M13.4.8.7 13.5\"><\/path><path d=\"M13.2 9V1h-8M13.4.8.7 13.5\"><\/path><\/g>\r\n                                <\/svg>\r\n                            <\/span>\r\n                        <\/a>\r\n                    <\/div>\r\n                                    <\/div>\r\n            <\/div>\r\n        <\/div>\r\n    <\/div>\r\n<\/section>\r\n\r\n\t\t\t\t<\/div>\n\t\t\t\t<\/div>\n\t\t\t\t<\/div>\n\t\t<div class=\"elementor-element elementor-element-99d3c6d e-flex e-con-boxed e-con e-parent\" data-id=\"99d3c6d\" data-element_type=\"container\">\n\t\t\t\t\t<div class=\"e-con-inner\">\n\t\t\t\t<div class=\"elementor-element elementor-element-0132d52 elementor-widget elementor-widget-heading\" data-id=\"0132d52\" data-element_type=\"widget\" data-widget_type=\"heading.default\">\n\t\t\t\t\t<h2 class=\"elementor-heading-title elementor-size-default\">M\u00d3DULOS<\/h2>\t\t\t\t<\/div>\n\t\t\t\t\t<\/div>\n\t\t\t\t<\/div>\n\t\t<div class=\"elementor-element elementor-element-ff93757 e-flex e-con-boxed e-con e-parent\" data-id=\"ff93757\" data-element_type=\"container\">\n\t\t\t\t\t<div class=\"e-con-inner\">\n\t\t<div class=\"elementor-element elementor-element-c528a8f e-con-full e-flex e-con e-child\" data-id=\"c528a8f\" data-element_type=\"container\">\n\t\t\t\t<div class=\"elementor-element elementor-element-04742e7 elementor-widget elementor-widget-text-editor\" data-id=\"04742e7\" data-element_type=\"widget\" data-widget_type=\"text-editor.default\">\n\t\t\t\t\t\t\t\t\t<p>\u221a Gesti\u00f3n de Servicios<br \/>\u221a Seguimiento de Gestiones<br \/>\u221a Inventario de Hojas<br \/>\u221a Facturaci\u00f3n<br \/>\u221a Cuentas Corrientes<br \/>\u221a Dep\u00f3sito de Recaudaciones<\/p>\t\t\t\t\t\t\t\t<\/div>\n\t\t\t\t<\/div>\n\t\t<div class=\"elementor-element elementor-element-6eddcf5 e-con-full e-flex e-con e-child\" data-id=\"6eddcf5\" data-element_type=\"container\">\n\t\t\t\t<div class=\"elementor-element elementor-element-22314ea elementor-widget elementor-widget-text-editor\" data-id=\"22314ea\" data-element_type=\"widget\" data-widget_type=\"text-editor.default\">\n\t\t\t\t\t\t\t\t\t<p>\u221a\u00a0Bancos<br \/>\u221a Contabilidad<br \/>\u221a Operaciones Fiscales<br \/>\u221a Fondo Fijo<br \/>\u221a Utilitarios<\/p>\t\t\t\t\t\t\t\t<\/div>\n\t\t\t\t<\/div>\n\t\t\t\t\t<\/div>\n\t\t\t\t<\/div>\n\t\t\t\t<\/div>\n\t\t","protected":false},"excerpt":{"rendered":"<p>Donde la gesti\u00f3n notarial se encuentra con la tecnolog\u00eda Sistema integral creado para potenciar la gesti\u00f3n profesional de los escribanos, garantizando eficiencia y seguridad en cada operaci\u00f3n. Garant\u00eda y experiencia Asistencia t\u00e9cnica \u00a1Quiero mi sistema Escriban\u00eda! Este sistema inform\u00e1tico especializado se convierte en el aliadoperfecto para simplificar y agilizar la labor diaria. Desde el controlde [&hellip;]<\/p>\n","protected":false},"author":1,"featured_media":0,"parent":0,"menu_order":0,"comment_status":"closed","ping_status":"open","template":"","meta":{"footnotes":""},"class_list":["post-5145","page","type-page","status-publish","hentry"],"_links":{"self":[{"href":"https:\/\/starsoft.com.py\/v4\/wp-json\/wp\/v2\/pages\/5145","targetHints":{"allow":["GET"]}}],"collection":[{"href":"https:\/\/starsoft.com.py\/v4\/wp-json\/wp\/v2\/pages"}],"about":[{"href":"https:\/\/starsoft.com.py\/v4\/wp-json\/wp\/v2\/types\/page"}],"author":[{"embeddable":true,"href":"https:\/\/starsoft.com.py\/v4\/wp-json\/wp\/v2\/users\/1"}],"replies":[{"embeddable":true,"href":"https:\/\/starsoft.com.py\/v4\/wp-json\/wp\/v2\/comments?post=5145"}],"version-history":[{"count":13,"href":"https:\/\/starsoft.com.py\/v4\/wp-json\/wp\/v2\/pages\/5145\/revisions"}],"predecessor-version":[{"id":5974,"href":"https:\/\/starsoft.com.py\/v4\/wp-json\/wp\/v2\/pages\/5145\/revisions\/5974"}],"wp:attachment":[{"href":"https:\/\/starsoft.com.py\/v4\/wp-json\/wp\/v2\/media?parent=5145"}],"curies":[{"name":"wp","href":"https:\/\/api.w.org\/{rel}","templated":true}]}}