{"id":5208,"date":"2025-10-23T15:19:18","date_gmt":"2025-10-23T13:19:18","guid":{"rendered":"http:\/\/localhost\/starsoft\/?page_id=5208"},"modified":"2026-03-12T15:23:53","modified_gmt":"2026-03-12T14:23:53","slug":"nosotros","status":"publish","type":"page","link":"https:\/\/starsoft.com.py\/v4\/nosotros\/","title":{"rendered":"Somos Starsoft"},"content":{"rendered":"\t\t<div data-elementor-type=\"wp-page\" data-elementor-id=\"5208\" class=\"elementor elementor-5208\">\n\t\t\t\t<div class=\"elementor-element elementor-element-a4eb51d e-flex e-con-boxed e-con e-parent\" data-id=\"a4eb51d\" data-element_type=\"container\">\n\t\t\t\t\t<div class=\"e-con-inner\">\n\t\t<div class=\"elementor-element elementor-element-6cd76a0 e-con-full e-flex e-con e-child\" data-id=\"6cd76a0\" data-element_type=\"container\">\n\t\t<div class=\"elementor-element elementor-element-d171003 e-flex e-con-boxed e-con e-child\" data-id=\"d171003\" data-element_type=\"container\">\n\t\t\t\t\t<div class=\"e-con-inner\">\n\t\t\t\t<div class=\"elementor-element elementor-element-f8f6028 elementor-widget elementor-widget-tp-about-img\" data-id=\"f8f6028\" data-element_type=\"widget\" data-widget_type=\"tp-about-img.default\">\n\t\t\t\t<div class=\"elementor-widget-container\">\n\t\t\t\t\t\r\n\r\n\r\n<div class=\"tp-about-7-thumb-wrapper p-relative tp-el-section \"  >\r\n    <div class=\"tp-about-7-thumb d-flex justify-content-lg-end\">\r\n        <div class=\"tp-hover-distort-wrapper shape-1\">\r\n            <div class=\"canvas\"><\/div>\r\n            <div class=\"tp-hover-distort\" data-displacementImage=\"https:\/\/starsoft.com.py\/v4\/wp-content\/themes\/ishpat\/assets\/img\/webgl\/1.jpg\">\r\n                <img decoding=\"async\" class=\"tp-hover-distort-img front\"  src=\"https:\/\/starsoft.com.py\/v4\/wp-content\/uploads\/2025\/10\/portada-expert2-3.png\" alt=\"\">\r\n                <img decoding=\"async\" class=\"tp-hover-distort-img back\" src=\"https:\/\/starsoft.com.py\/v4\/wp-content\/uploads\/2025\/10\/portada-expert2-3.png\" alt=\"\">\r\n            <\/div>\r\n        <\/div>\r\n\r\n        <div class=\"tp-hover-distort-wrapper main\">\r\n            <div class=\"canvas\"><\/div>\r\n            <div class=\"tp-hover-distort\" data-displacementImage=\"https:\/\/starsoft.com.py\/v4\/wp-content\/themes\/ishpat\/assets\/img\/webgl\/1.jpg\">\r\n                <img decoding=\"async\" class=\"tp-hover-distort-img front\" src=\"https:\/\/starsoft.com.py\/v4\/wp-content\/uploads\/2025\/10\/portada-star.png\" alt=\"\">\r\n                <img decoding=\"async\" class=\"tp-hover-distort-img back\" src=\"https:\/\/starsoft.com.py\/v4\/wp-content\/uploads\/2025\/10\/portada-star.png\" alt=\"\">\r\n            <\/div>\r\n        <\/div>\r\n\r\n        <div class=\"tp-about-7-ex\" data-background=\"https:\/\/starsoft.com.py\/v4\/wp-content\/uploads\/2025\/10\/shapesistemas.png\">\r\n            <h5 class=\"tp-about-7-ex-title\">22+<\/h5>\r\n            <p>A\u00f1os de experiencia<\/p>\r\n        <\/div>\r\n    <\/div>\r\n<\/div>\r\n<!--Default style-->\r\n\t\t\t\t<\/div>\n\t\t\t\t<\/div>\n\t\t\t\t\t<\/div>\n\t\t\t\t<\/div>\n\t\t\t\t<\/div>\n\t\t<div class=\"elementor-element elementor-element-4a532ec e-con-full e-flex e-con e-child\" data-id=\"4a532ec\" data-element_type=\"container\">\n\t\t<div class=\"elementor-element elementor-element-1355dd4 e-flex e-con-boxed e-con e-child\" data-id=\"1355dd4\" data-element_type=\"container\">\n\t\t\t\t\t<div class=\"e-con-inner\">\n\t\t\t\t<div class=\"elementor-element elementor-element-14ca749 elementor-widget elementor-widget-tp-heading\" data-id=\"14ca749\" data-element_type=\"widget\" data-settings=\"{&quot;tp_anima_type&quot;:&quot;fadeInRight&quot;}\" data-widget_type=\"tp-heading.default\">\n\t\t\t\t<div class=\"elementor-widget-container\">\n\t\t\t\t\t\r\n\r\n<div class=\"tp-about-title-wrapper align-box tp-el-section wow fadeInRight\" data-wow-duration=\"1s\" data-wow-delay=\"0.3s\">\r\n\t\t<h2 class=\"tp-section-title tp-el-title\">Una empresa que mira hacia el futuro.<\/h2>\t\t\t<p class=\"tp-el-content\">Somos una empresa dedicada al desarrollo, comercializaci\u00f3n e implementaci\u00f3n de software. Desde hace m\u00e1s de 22 a\u00f1os brindamos soluciones tecnol\u00f3gicas que impulsan la eficiencia y el crecimiento de negocios de distintas envergaduras, convirti\u00e9ndonos en parte del engranaje financiero que mueve al pa\u00eds.<\/p>\r\n\t<\/div>\r\n\t\t\t\t<\/div>\n\t\t\t\t<\/div>\n\t\t\t\t\t<\/div>\n\t\t\t\t<\/div>\n\t\t<div class=\"elementor-element elementor-element-ffcd63f e-flex e-con-boxed e-con e-child\" data-id=\"ffcd63f\" data-element_type=\"container\">\n\t\t\t\t\t<div class=\"e-con-inner\">\n\t\t<div class=\"elementor-element elementor-element-6d44d90 e-con-full e-flex e-con e-child\" data-id=\"6d44d90\" data-element_type=\"container\">\n\t\t\t\t<div class=\"elementor-element elementor-element-be25325 elementor-widget elementor-widget-iconbox\" data-id=\"be25325\" data-element_type=\"widget\" data-settings=\"{&quot;tp_anima_type&quot;:&quot;fadeInRight&quot;}\" data-widget_type=\"iconbox.default\">\n\t\t\t\t<div class=\"elementor-widget-container\">\n\t\t\t\t\t\r\n\r\n<div class=\"tp-about-icon-box-xy tp-el-section wow fadeInRight\" data-wow-duration=\"1s\" data-wow-delay=\"0.3s\">\r\n    <div class=\"tp-about-icon-content d-flex\">\r\n        <div class=\"tp-about-icon tp-icon-style\">\r\n                                                <span><i aria-hidden=\"true\" class=\"tp flaticon-quality\"><\/i><\/span>\r\n                                    <\/div>\r\n                    <h5>Garant\u00eda y experiencia<\/h5>\r\n            <\/div>\r\n<\/div>\r\n \r\n\r\n\t\t\t\t<\/div>\n\t\t\t\t<\/div>\n\t\t\t\t<\/div>\n\t\t<div class=\"elementor-element elementor-element-d1f1ec0 e-con-full e-flex e-con e-child\" data-id=\"d1f1ec0\" data-element_type=\"container\">\n\t\t\t\t<div class=\"elementor-element elementor-element-ba305ba elementor-widget elementor-widget-iconbox\" data-id=\"ba305ba\" data-element_type=\"widget\" data-settings=\"{&quot;tp_anima_type&quot;:&quot;fadeInRight&quot;}\" data-widget_type=\"iconbox.default\">\n\t\t\t\t<div class=\"elementor-widget-container\">\n\t\t\t\t\t\r\n\r\n<div class=\"tp-about-icon-box-xy tp-el-section wow fadeInRight\" data-wow-duration=\"1s\" data-wow-delay=\"0.3s\">\r\n    <div class=\"tp-about-icon-content d-flex\">\r\n        <div class=\"tp-about-icon tp-icon-style\">\r\n                                                <span><i aria-hidden=\"true\" class=\"tp flaticon-worker\"><\/i><\/span>\r\n                                    <\/div>\r\n                    <h5>Capital Humano<\/h5>\r\n            <\/div>\r\n<\/div>\r\n \r\n\r\n\t\t\t\t<\/div>\n\t\t\t\t<\/div>\n\t\t\t\t<\/div>\n\t\t\t\t\t<\/div>\n\t\t\t\t<\/div>\n\t\t<div class=\"elementor-element elementor-element-86bbcdd e-con-full e-flex e-con e-child\" data-id=\"86bbcdd\" data-element_type=\"container\">\n\t\t\t\t<div class=\"elementor-element elementor-element-889b496 elementor-widget-divider--view-line elementor-widget elementor-widget-divider\" data-id=\"889b496\" data-element_type=\"widget\" data-widget_type=\"divider.default\">\n\t\t\t\t\t\t\t<div class=\"elementor-divider\">\n\t\t\t<span class=\"elementor-divider-separator\">\n\t\t\t\t\t\t<\/span>\n\t\t<\/div>\n\t\t\t\t\t\t<\/div>\n\t\t\t\t<\/div>\n\t\t<div class=\"elementor-element elementor-element-2d29044 e-con-full e-flex e-con e-child\" data-id=\"2d29044\" data-element_type=\"container\">\n\t\t<div class=\"elementor-element elementor-element-cce506d e-flex e-con-boxed e-con e-child\" data-id=\"cce506d\" data-element_type=\"container\" data-settings=\"{&quot;background_background&quot;:&quot;classic&quot;}\">\n\t\t\t\t\t<div class=\"e-con-inner\">\n\t\t\t\t<div class=\"elementor-element elementor-element-efaf9c1 elementor-widget elementor-widget-tp-button\" data-id=\"efaf9c1\" data-element_type=\"widget\" data-widget_type=\"tp-button.default\">\n\t\t\t\t<div class=\"elementor-widget-container\">\n\t\t\t\t\t\r\n\r\n\r\n<div class=\"align-box ele-section \"  >\r\n    <a href=\"https:\/\/wa.me\/595994157625?text=Hola%2C%20Starsoft%20quisiera%20contactar%20con%20ustedes\" target=\"_blank\" rel=\"nofollow\" class=\"tp-btn tp-icon-style tp-el-btn\">\u00a1Conversemos!        <span>\r\n            <svg class=\"qodef-svg--custom-arrow qodef-m-arrow\" xmlns=\"http:\/\/www.w3.org\/2000\/svg\" width=\"14.2\"\r\n                height=\"14.2\" viewBox=\"0 0 14.2 14.2\">\r\n                <g>\r\n                    <path d=\"M13.2 9V1h-8M13.4.8.7 13.5\"><\/path>\r\n                    <path d=\"M13.2 9V1h-8M13.4.8.7 13.5\"><\/path>\r\n                <\/g>\r\n                <g>\r\n                    <path d=\"M13.2 9V1h-8M13.4.8.7 13.5\"><\/path>\r\n                    <path d=\"M13.2 9V1h-8M13.4.8.7 13.5\"><\/path>\r\n                <\/g>\r\n            <\/svg>\r\n        <\/span>\r\n    <\/a>\r\n<\/div>\r\n\r\n\t\t\t\t<\/div>\n\t\t\t\t<\/div>\n\t\t\t\t\t<\/div>\n\t\t\t\t<\/div>\n\t\t<div class=\"elementor-element elementor-element-ebc0db9 e-flex e-con-boxed e-con e-child\" data-id=\"ebc0db9\" data-element_type=\"container\">\n\t\t\t\t\t<div class=\"e-con-inner\">\n\t\t\t\t<div class=\"elementor-element elementor-element-235b404 elementor-widget elementor-widget-image\" data-id=\"235b404\" data-element_type=\"widget\" data-widget_type=\"image.default\">\n\t\t\t\t\t\t\t\t\t\t\t\t\t\t\t<img decoding=\"async\" width=\"138\" height=\"74\" src=\"https:\/\/starsoft.com.py\/v4\/wp-content\/uploads\/2025\/10\/blanco-3.jpg\" class=\"attachment-full size-full wp-image-5386\" alt=\"\" \/>\t\t\t\t\t\t\t\t\t\t\t\t\t\t\t<\/div>\n\t\t\t\t\t<\/div>\n\t\t\t\t<\/div>\n\t\t\t\t<\/div>\n\t\t\t\t<\/div>\n\t\t\t\t\t<\/div>\n\t\t\t\t<\/div>\n\t\t<div class=\"elementor-element elementor-element-31f128a e-flex e-con-boxed e-con e-parent\" data-id=\"31f128a\" data-element_type=\"container\">\n\t\t\t\t\t<div class=\"e-con-inner\">\n\t\t<div class=\"elementor-element elementor-element-890494b e-con-full e-flex e-con e-child\" data-id=\"890494b\" data-element_type=\"container\">\n\t\t\t\t<div class=\"elementor-element elementor-element-1d5a082 elementor-widget elementor-widget-text-editor\" data-id=\"1d5a082\" data-element_type=\"widget\" data-widget_type=\"text-editor.default\">\n\t\t\t\t\t\t\t\t\t<p>Nuestra experiencia reconocida en el mercado se refleja no solo en la calidad de nuestros productos, sino tambi\u00e9n en la <strong data-start=\"629\" data-end=\"651\">experiencia de uso<\/strong> que ofrecemos a nuestros clientes, acompa\u00f1ada de <strong data-start=\"701\" data-end=\"738\">cursos y capacitaciones gratuitas<\/strong> que garantizan un aprovechamiento total de nuestras herramientas.<\/p>\t\t\t\t\t\t\t\t<\/div>\n\t\t\t\t<\/div>\n\t\t\t\t\t<\/div>\n\t\t\t\t<\/div>\n\t\t<div class=\"elementor-element elementor-element-b35fb69 e-con-full e-flex e-con e-parent\" data-id=\"b35fb69\" data-element_type=\"container\" data-settings=\"{&quot;background_background&quot;:&quot;classic&quot;}\">\n\t\t\t\t<div class=\"elementor-element elementor-element-b71f29b elementor-widget elementor-widget-hero-banner\" data-id=\"b71f29b\" data-element_type=\"widget\" data-widget_type=\"hero-banner.default\">\n\t\t\t\t<div class=\"elementor-widget-container\">\n\t\t\t\t\t\r\n\r\n<section class=\"tp-hero-2-area fix p-relative pt-100 pb-100\">\r\n    <div class=\"tp-hero-2-bg tp-el-section\"><\/div>\r\n        <div class=\"container-fluid p-0\">\r\n        <div class=\"row gx-0\">\r\n            <div class=\"col-lg-6\">\r\n                <div class=\"tp-hero-2-content p-relative\">\r\n                                                            <div class=\"tp-hero-2-title-wrapper p-relative z-index-1\">\r\n                        <h3 class=\"tp-hero-2-title\">Nuestra gente, nuestro impulso.<\/h3>                    <\/div>\r\n                    <div class=\"tp-hero-button-2-wrapper d-flex flex-wrap align-items-center\">\r\n                                                                    <\/div>\r\n                <\/div>\r\n            <\/div>\r\n            <div class=\"col-lg-6\">\r\n                                <div class=\"tp-hero-2-wrapper-slider p-relative\">\r\n                    <div class=\"tp-hero-2-active swiper-container fix\">\r\n                        <div class=\"swiper-wrapper\">\r\n\r\n                                                        <div class=\"swiper-slide\">\r\n                                <img decoding=\"async\" src=\"https:\/\/starsoft.com.py\/v4\/wp-content\/uploads\/2025\/10\/img1.jpg\"\r\n                                    alt=\"\">\r\n                            <\/div>\r\n                                                        <div class=\"swiper-slide\">\r\n                                <img decoding=\"async\" src=\"https:\/\/starsoft.com.py\/v4\/wp-content\/uploads\/2025\/10\/img2.jpg\"\r\n                                    alt=\"\">\r\n                            <\/div>\r\n                                                        <div class=\"swiper-slide\">\r\n                                <img decoding=\"async\" src=\"https:\/\/starsoft.com.py\/v4\/wp-content\/uploads\/2025\/10\/img3.jpg\"\r\n                                    alt=\"\">\r\n                            <\/div>\r\n                                                        <div class=\"swiper-slide\">\r\n                                <img decoding=\"async\" src=\"https:\/\/starsoft.com.py\/v4\/wp-content\/uploads\/2025\/10\/img4.jpg\"\r\n                                    alt=\"\">\r\n                            <\/div>\r\n                                                        <div class=\"swiper-slide\">\r\n                                <img decoding=\"async\" src=\"https:\/\/starsoft.com.py\/v4\/wp-content\/uploads\/2025\/10\/img5.jpg\"\r\n                                    alt=\"\">\r\n                            <\/div>\r\n                                                        <div class=\"swiper-slide\">\r\n                                <img decoding=\"async\" src=\"https:\/\/starsoft.com.py\/v4\/wp-content\/uploads\/2025\/10\/img6.jpg\"\r\n                                    alt=\"\">\r\n                            <\/div>\r\n                            \r\n                        <\/div>\r\n                    <\/div>\r\n                    <div class=\"tp-hero-2-nav\">\r\n                        <button type=\"button\" class=\"hero-2-prev\"><i class=\"fa-regular fa-arrow-left\"><\/i><\/button>\r\n                        <button type=\"button\" class=\"hero-2-next\"><i class=\"fa-regular fa-arrow-right\"><\/i><\/button>\r\n                    <\/div>\r\n                <\/div>\r\n                            <\/div>\r\n        <\/div>\r\n    <\/div>\r\n<\/section>\r\n\r\n\t\t\t\t<\/div>\n\t\t\t\t<\/div>\n\t\t<div class=\"elementor-element elementor-element-bacdcf8 e-con-full e-flex e-con e-child\" data-id=\"bacdcf8\" data-element_type=\"container\">\n\t\t\t\t<div class=\"elementor-element elementor-element-2a5474b elementor-hidden-tablet elementor-hidden-mobile elementor-widget elementor-widget-tp-cta\" data-id=\"2a5474b\" data-element_type=\"widget\" data-widget_type=\"tp-cta.default\">\n\t\t\t\t<div class=\"elementor-widget-container\">\n\t\t\t\t\t\r\n\r\n\r\n\r\n<section class=\"tp-contact-2-area tp-contact-2-p p-relative fix pt-165 pb-165 ele-section tp-brand-bg\">\r\n        <div class=\"tp-contact-bg\" data-background=\"https:\/\/starsoft.com.py\/v4\/wp-content\/uploads\/2024\/05\/contact-2-bg.jpg\"><\/div>\r\n            <div class=\"tp-contact-2-shape\" data-background=\"https:\/\/starsoft.com.py\/v4\/wp-content\/uploads\/2024\/05\/contact-2-shape.png\"><\/div>\r\n        <div class=\"container\">\r\n        <div class=\"row\">\r\n            <div class=\"col-lg-12\">\r\n                <div class=\"tp-contact-2-wrapper text-center p-relative z-index-1 wow fadeInUp\" data-wow-duration=\"1s\" data-wow-delay=\".3s\">\r\n                                        <h2 class=\"tp-contact-2-title\">Orgullosos de ser parte del <br>\nengranaje financiero del pa\u00eds.<\/h2>                                                            <div class=\"tp-contact-2-btn\">\r\n                        <a href=\"https:\/\/wa.me\/595994157625?text=Hola%2C%20Starsoft%20quisiera%20contactar%20con%20ustedes\" class=\"tp-btn tp-icon-style\">Implementa nuestras soluciones                            <span>\r\n                                <svg class=\"qodef-svg--custom-arrow qodef-m-arrow\" xmlns=\"http:\/\/www.w3.org\/2000\/svg\" width=\"14.2\" height=\"14.2\" viewBox=\"0 0 14.2 14.2\">\r\n                                    <g><path d=\"M13.2 9V1h-8M13.4.8.7 13.5\"><\/path><path d=\"M13.2 9V1h-8M13.4.8.7 13.5\"><\/path><\/g>\r\n                                    <g><path d=\"M13.2 9V1h-8M13.4.8.7 13.5\"><\/path><path d=\"M13.2 9V1h-8M13.4.8.7 13.5\"><\/path><\/g>\r\n                                <\/svg>\r\n                            <\/span>\r\n                        <\/a>\r\n                    <\/div>\r\n                                    <\/div>\r\n            <\/div>\r\n        <\/div>\r\n    <\/div>\r\n<\/section>\r\n\r\n\t\t\t\t<\/div>\n\t\t\t\t<\/div>\n\t\t\t\t<\/div>\n\t\t\t\t<\/div>\n\t\t<div class=\"elementor-element elementor-element-4ffa38d e-con-full e-flex e-con e-parent\" data-id=\"4ffa38d\" data-element_type=\"container\" data-settings=\"{&quot;background_background&quot;:&quot;classic&quot;}\">\n\t\t<div class=\"elementor-element elementor-element-8c00aa7 e-flex e-con-boxed e-con e-child\" data-id=\"8c00aa7\" data-element_type=\"container\">\n\t\t\t\t\t<div class=\"e-con-inner\">\n\t\t\t\t<div class=\"elementor-element elementor-element-988664b elementor-widget elementor-widget-tp-heading\" data-id=\"988664b\" data-element_type=\"widget\" data-widget_type=\"tp-heading.default\">\n\t\t\t\t<div class=\"elementor-widget-container\">\n\t\t\t\t\t\r\n\r\n<div class=\"tp-offer-title-wrapper align-box tp-el-section \"  >\r\n\t\t<span class=\"tp-section-title-pre-2 tp-el-subtitle\">\/\/ FEEDBACK<\/span>\r\n\t\t<h2 class=\"tp-section-title tp-el-title\">\u00bfQu\u00e9 dicen nuestros clientes?<\/h2>\t<\/div>\r\n\r\n\t\t\t\t<\/div>\n\t\t\t\t<\/div>\n\t\t<div class=\"elementor-element elementor-element-85ffd32 e-flex e-con-boxed e-con e-child\" data-id=\"85ffd32\" data-element_type=\"container\">\n\t\t\t\t\t<div class=\"e-con-inner\">\n\t\t\t\t<div class=\"elementor-element elementor-element-bda5814 elementor-widget elementor-widget-tp-testimonial\" data-id=\"bda5814\" data-element_type=\"widget\" data-settings=\"{&quot;tp_anima_type&quot;:&quot;fadeInUp&quot;}\" data-widget_type=\"tp-testimonial.default\">\n\t\t\t\t<div class=\"elementor-widget-container\">\n\t\t\t\t\t\r\n\r\n<div class=\"tp-testimonial-slider tp-el-section wow fadeInUp\"\r\n    data-wow-duration=\"1s\" data-wow-delay=\"0.3s\">\r\n    <div class=\"tp-testimonial-active swiper-container fix\">\r\n        <div class=\"swiper-wrapper\">\r\n\r\n                        <div class=\"swiper-slide\">\r\n                <div class=\"tp-testimonial-item text-center p-relative\">\r\n                    <div class=\"tp-testimonial-shape\">\r\n                        <img decoding=\"async\" src=\"https:\/\/starsoft.com.py\/v4\/wp-content\/themes\/ishpat\/assets\/img\/testimonial\/testimonial-2-shape-2.png\"\r\n                            alt=\"\">\r\n                    <\/div>\r\n                                        <div class=\"tp-testimonial-thumb\">\r\n                        <img decoding=\"async\" src=\"https:\/\/starsoft.com.py\/v4\/wp-content\/uploads\/2025\/10\/fsanchez.png\"\r\n                            alt=\"\">\r\n                    <\/div>\r\n                                        <div class=\"tp-testimonial-content p-relative\">\r\n                                                <h4 class=\"tp-testimonial-title\">Lic. Francisco S\u00e1nchez<\/h4>\r\n                                                                                                <p>Al utilizar Starsoft el ahorro de tiempo es fant\u00e1stico. Me permite controlar toda la  operativa de mi estudio contable.<\/p>\r\n                        \r\n\r\n                                                <div class=\"tp-testimonial-rating\">\r\n                                                        <i class=\"fa-solid fa-star\"><\/i>\r\n                                                        <i class=\"fa-solid fa-star\"><\/i>\r\n                                                        <i class=\"fa-solid fa-star\"><\/i>\r\n                                                        <i class=\"fa-solid fa-star\"><\/i>\r\n                                                        <i class=\"fa-solid fa-star\"><\/i>\r\n                                                                                <\/div>\r\n                        \r\n                    <\/div>\r\n                <\/div>\r\n            <\/div>\r\n                        <div class=\"swiper-slide\">\r\n                <div class=\"tp-testimonial-item text-center p-relative\">\r\n                    <div class=\"tp-testimonial-shape\">\r\n                        <img decoding=\"async\" src=\"https:\/\/starsoft.com.py\/v4\/wp-content\/themes\/ishpat\/assets\/img\/testimonial\/testimonial-2-shape-2.png\"\r\n                            alt=\"\">\r\n                    <\/div>\r\n                                        <div class=\"tp-testimonial-thumb\">\r\n                        <img decoding=\"async\" src=\"https:\/\/starsoft.com.py\/v4\/wp-content\/uploads\/2025\/10\/ccantero.png\"\r\n                            alt=\"\">\r\n                    <\/div>\r\n                                        <div class=\"tp-testimonial-content p-relative\">\r\n                                                <h4 class=\"tp-testimonial-title\">Lic. Carmen Cantero<\/h4>\r\n                                                                                                <p>La experiencia de utilizar sistemas\nStarsoft ha ayudado a potenciar mi trabajo profesional. Apoyo y recomiendo a otras colegas\na implementarlos.<\/p>\r\n                        \r\n\r\n                                                <div class=\"tp-testimonial-rating\">\r\n                                                        <i class=\"fa-solid fa-star\"><\/i>\r\n                                                        <i class=\"fa-solid fa-star\"><\/i>\r\n                                                        <i class=\"fa-solid fa-star\"><\/i>\r\n                                                        <i class=\"fa-solid fa-star\"><\/i>\r\n                                                        <i class=\"fa-solid fa-star\"><\/i>\r\n                                                                                <\/div>\r\n                        \r\n                    <\/div>\r\n                <\/div>\r\n            <\/div>\r\n                        <div class=\"swiper-slide\">\r\n                <div class=\"tp-testimonial-item text-center p-relative\">\r\n                    <div class=\"tp-testimonial-shape\">\r\n                        <img decoding=\"async\" src=\"https:\/\/starsoft.com.py\/v4\/wp-content\/themes\/ishpat\/assets\/img\/testimonial\/testimonial-2-shape-2.png\"\r\n                            alt=\"\">\r\n                    <\/div>\r\n                                        <div class=\"tp-testimonial-thumb\">\r\n                        <img decoding=\"async\" src=\"https:\/\/starsoft.com.py\/v4\/wp-content\/uploads\/2025\/10\/vsanabria.png\"\r\n                            alt=\"\">\r\n                    <\/div>\r\n                                        <div class=\"tp-testimonial-content p-relative\">\r\n                                                <h4 class=\"tp-testimonial-title\">C.P. Viviana Sanabria<\/h4>\r\n                                                                                                <p>\nTanto en lo educativo como en lo profesional el sistema Expert 360 me ayudo a complementar el marco te\u00f3rico con la parte pr\u00e1ctica.\nRealmente recomiendo la marca.<\/p>\r\n                        \r\n\r\n                                                <div class=\"tp-testimonial-rating\">\r\n                                                        <i class=\"fa-solid fa-star\"><\/i>\r\n                                                        <i class=\"fa-solid fa-star\"><\/i>\r\n                                                        <i class=\"fa-solid fa-star\"><\/i>\r\n                                                        <i class=\"fa-solid fa-star\"><\/i>\r\n                                                        <i class=\"fa-solid fa-star\"><\/i>\r\n                                                                                <\/div>\r\n                        \r\n                    <\/div>\r\n                <\/div>\r\n            <\/div>\r\n            \r\n        <\/div>\r\n    <\/div>\r\n<\/div>\r\n\r\n\t\t\t\t<\/div>\n\t\t\t\t<\/div>\n\t\t\t\t\t<\/div>\n\t\t\t\t<\/div>\n\t\t\t\t\t<\/div>\n\t\t\t\t<\/div>\n\t\t\t\t<\/div>\n\t\t\t\t<\/div>\n\t\t","protected":false},"excerpt":{"rendered":"<p>22+ A\u00f1os de experiencia Una empresa que mira hacia el futuro. Somos una empresa dedicada al desarrollo, comercializaci\u00f3n e implementaci\u00f3n de software. Desde hace m\u00e1s de 22 a\u00f1os brindamos soluciones tecnol\u00f3gicas que impulsan la eficiencia y el crecimiento de negocios de distintas envergaduras, convirti\u00e9ndonos en parte del engranaje financiero que mueve al pa\u00eds. Garant\u00eda y [&hellip;]<\/p>\n","protected":false},"author":1,"featured_media":0,"parent":0,"menu_order":0,"comment_status":"closed","ping_status":"open","template":"","meta":{"footnotes":""},"class_list":["post-5208","page","type-page","status-publish","hentry"],"_links":{"self":[{"href":"https:\/\/starsoft.com.py\/v4\/wp-json\/wp\/v2\/pages\/5208","targetHints":{"allow":["GET"]}}],"collection":[{"href":"https:\/\/starsoft.com.py\/v4\/wp-json\/wp\/v2\/pages"}],"about":[{"href":"https:\/\/starsoft.com.py\/v4\/wp-json\/wp\/v2\/types\/page"}],"author":[{"embeddable":true,"href":"https:\/\/starsoft.com.py\/v4\/wp-json\/wp\/v2\/users\/1"}],"replies":[{"embeddable":true,"href":"https:\/\/starsoft.com.py\/v4\/wp-json\/wp\/v2\/comments?post=5208"}],"version-history":[{"count":37,"href":"https:\/\/starsoft.com.py\/v4\/wp-json\/wp\/v2\/pages\/5208\/revisions"}],"predecessor-version":[{"id":5980,"href":"https:\/\/starsoft.com.py\/v4\/wp-json\/wp\/v2\/pages\/5208\/revisions\/5980"}],"wp:attachment":[{"href":"https:\/\/starsoft.com.py\/v4\/wp-json\/wp\/v2\/media?parent=5208"}],"curies":[{"name":"wp","href":"https:\/\/api.w.org\/{rel}","templated":true}]}}