{"id":5302,"date":"2025-10-23T23:14:55","date_gmt":"2025-10-23T21:14:55","guid":{"rendered":"http:\/\/localhost\/starsoft\/?page_id=5302"},"modified":"2026-03-12T15:25:15","modified_gmt":"2026-03-12T14:25:15","slug":"starcloud","status":"publish","type":"page","link":"https:\/\/starsoft.com.py\/v4\/starcloud\/","title":{"rendered":"Starcloud"},"content":{"rendered":"\t\t<div data-elementor-type=\"wp-page\" data-elementor-id=\"5302\" class=\"elementor elementor-5302\">\n\t\t\t\t<div class=\"elementor-element elementor-element-a4eb51d e-flex e-con-boxed e-con e-parent\" data-id=\"a4eb51d\" data-element_type=\"container\">\n\t\t\t\t\t<div class=\"e-con-inner\">\n\t\t<div class=\"elementor-element elementor-element-6cd76a0 e-con-full e-flex e-con e-child\" data-id=\"6cd76a0\" data-element_type=\"container\">\n\t\t<div class=\"elementor-element elementor-element-d171003 e-flex e-con-boxed e-con e-child\" data-id=\"d171003\" data-element_type=\"container\">\n\t\t\t\t\t<div class=\"e-con-inner\">\n\t\t\t\t<div class=\"elementor-element elementor-element-f8f6028 elementor-widget elementor-widget-tp-about-img\" data-id=\"f8f6028\" data-element_type=\"widget\" data-widget_type=\"tp-about-img.default\">\n\t\t\t\t<div class=\"elementor-widget-container\">\n\t\t\t\t\t\r\n\r\n\r\n<div class=\"tp-about-7-thumb-wrapper p-relative tp-el-section \"  >\r\n    <div class=\"tp-about-7-thumb d-flex justify-content-lg-end\">\r\n        <div class=\"tp-hover-distort-wrapper shape-1\">\r\n            <div class=\"canvas\"><\/div>\r\n            <div class=\"tp-hover-distort\" data-displacementImage=\"https:\/\/starsoft.com.py\/v4\/wp-content\/themes\/ishpat\/assets\/img\/webgl\/1.jpg\">\r\n                <img decoding=\"async\" class=\"tp-hover-distort-img front\"  src=\"https:\/\/starsoft.com.py\/v4\/wp-content\/uploads\/2025\/10\/portada-expert2-3.png\" alt=\"\">\r\n                <img decoding=\"async\" class=\"tp-hover-distort-img back\" src=\"https:\/\/starsoft.com.py\/v4\/wp-content\/uploads\/2025\/10\/portada-expert2-3.png\" alt=\"\">\r\n            <\/div>\r\n        <\/div>\r\n\r\n        <div class=\"tp-hover-distort-wrapper main\">\r\n            <div class=\"canvas\"><\/div>\r\n            <div class=\"tp-hover-distort\" data-displacementImage=\"https:\/\/starsoft.com.py\/v4\/wp-content\/themes\/ishpat\/assets\/img\/webgl\/1.jpg\">\r\n                <img decoding=\"async\" class=\"tp-hover-distort-img front\" src=\"https:\/\/starsoft.com.py\/v4\/wp-content\/uploads\/2025\/10\/portada-starcloud.png\" alt=\"\">\r\n                <img decoding=\"async\" class=\"tp-hover-distort-img back\" src=\"https:\/\/starsoft.com.py\/v4\/wp-content\/uploads\/2025\/10\/portada-starcloud.png\" alt=\"\">\r\n            <\/div>\r\n        <\/div>\r\n\r\n        <div class=\"tp-about-7-ex\" data-background=\"https:\/\/starsoft.com.py\/v4\/wp-content\/uploads\/2025\/10\/shapesistemas.png\">\r\n            <h5 class=\"tp-about-7-ex-title\">22+<\/h5>\r\n            <p>A\u00f1os de experiencia<\/p>\r\n        <\/div>\r\n    <\/div>\r\n<\/div>\r\n<!--Default style-->\r\n\t\t\t\t<\/div>\n\t\t\t\t<\/div>\n\t\t\t\t\t<\/div>\n\t\t\t\t<\/div>\n\t\t\t\t<\/div>\n\t\t<div class=\"elementor-element elementor-element-4a532ec e-con-full e-flex e-con e-child\" data-id=\"4a532ec\" data-element_type=\"container\">\n\t\t<div class=\"elementor-element elementor-element-1355dd4 e-flex e-con-boxed e-con e-child\" data-id=\"1355dd4\" data-element_type=\"container\">\n\t\t\t\t\t<div class=\"e-con-inner\">\n\t\t\t\t<div class=\"elementor-element elementor-element-14ca749 elementor-widget elementor-widget-tp-heading\" data-id=\"14ca749\" data-element_type=\"widget\" data-settings=\"{&quot;tp_anima_type&quot;:&quot;fadeInRight&quot;}\" data-widget_type=\"tp-heading.default\">\n\t\t\t\t<div class=\"elementor-widget-container\">\n\t\t\t\t\t\r\n\r\n<div class=\"tp-about-title-wrapper align-box tp-el-section wow fadeInRight\" data-wow-duration=\"1s\" data-wow-delay=\"0.3s\">\r\n\t\t<h2 class=\"tp-section-title tp-el-title\">Tus datos seguros en nuestra nube.<\/h2>\t\t\t<p class=\"tp-el-content\">Es un servicio de alojamiento seguro en el DATACENTER con exclusividad para\nclientes de Starsoft.\n\nCon STARCLOUD podr\u00e1 complementar la seguridad sobre los backup que se realiza peri\u00f3dicamente de su sistema.<\/p>\r\n\t<\/div>\r\n\t\t\t\t<\/div>\n\t\t\t\t<\/div>\n\t\t\t\t\t<\/div>\n\t\t\t\t<\/div>\n\t\t<div class=\"elementor-element elementor-element-ffcd63f e-flex e-con-boxed e-con e-child\" data-id=\"ffcd63f\" data-element_type=\"container\">\n\t\t\t\t\t<div class=\"e-con-inner\">\n\t\t<div class=\"elementor-element elementor-element-6d44d90 e-con-full e-flex e-con e-child\" data-id=\"6d44d90\" data-element_type=\"container\">\n\t\t\t\t<div class=\"elementor-element elementor-element-be25325 elementor-widget elementor-widget-iconbox\" data-id=\"be25325\" data-element_type=\"widget\" data-settings=\"{&quot;tp_anima_type&quot;:&quot;fadeInRight&quot;}\" data-widget_type=\"iconbox.default\">\n\t\t\t\t<div class=\"elementor-widget-container\">\n\t\t\t\t\t\r\n\r\n<div class=\"tp-about-icon-box-xy tp-el-section wow fadeInRight\" data-wow-duration=\"1s\" data-wow-delay=\"0.3s\">\r\n    <div class=\"tp-about-icon-content d-flex\">\r\n        <div class=\"tp-about-icon tp-icon-style\">\r\n                                                <span><i aria-hidden=\"true\" class=\"tp flaticon-quality\"><\/i><\/span>\r\n                                    <\/div>\r\n                    <h5>Garant\u00eda y experiencia<\/h5>\r\n            <\/div>\r\n<\/div>\r\n \r\n\r\n\t\t\t\t<\/div>\n\t\t\t\t<\/div>\n\t\t\t\t<\/div>\n\t\t<div class=\"elementor-element elementor-element-d1f1ec0 e-con-full e-flex e-con e-child\" data-id=\"d1f1ec0\" data-element_type=\"container\">\n\t\t\t\t<div class=\"elementor-element elementor-element-ba305ba elementor-widget elementor-widget-iconbox\" data-id=\"ba305ba\" data-element_type=\"widget\" data-settings=\"{&quot;tp_anima_type&quot;:&quot;fadeInRight&quot;}\" data-widget_type=\"iconbox.default\">\n\t\t\t\t<div class=\"elementor-widget-container\">\n\t\t\t\t\t\r\n\r\n<div class=\"tp-about-icon-box-xy tp-el-section wow fadeInRight\" data-wow-duration=\"1s\" data-wow-delay=\"0.3s\">\r\n    <div class=\"tp-about-icon-content d-flex\">\r\n        <div class=\"tp-about-icon tp-icon-style\">\r\n                                                <span><i aria-hidden=\"true\" class=\"tp flaticon-worker\"><\/i><\/span>\r\n                                    <\/div>\r\n                    <h5>Asistencia t\u00e9cnica<\/h5>\r\n            <\/div>\r\n<\/div>\r\n \r\n\r\n\t\t\t\t<\/div>\n\t\t\t\t<\/div>\n\t\t\t\t<\/div>\n\t\t\t\t\t<\/div>\n\t\t\t\t<\/div>\n\t\t<div class=\"elementor-element elementor-element-86bbcdd e-con-full e-flex e-con e-child\" data-id=\"86bbcdd\" data-element_type=\"container\">\n\t\t\t\t<div class=\"elementor-element elementor-element-889b496 elementor-widget-divider--view-line elementor-widget elementor-widget-divider\" data-id=\"889b496\" data-element_type=\"widget\" data-widget_type=\"divider.default\">\n\t\t\t\t\t\t\t<div class=\"elementor-divider\">\n\t\t\t<span class=\"elementor-divider-separator\">\n\t\t\t\t\t\t<\/span>\n\t\t<\/div>\n\t\t\t\t\t\t<\/div>\n\t\t\t\t<\/div>\n\t\t<div class=\"elementor-element elementor-element-2d29044 e-con-full e-flex e-con e-child\" data-id=\"2d29044\" data-element_type=\"container\">\n\t\t<div class=\"elementor-element elementor-element-cce506d e-flex e-con-boxed e-con e-child\" data-id=\"cce506d\" data-element_type=\"container\" data-settings=\"{&quot;background_background&quot;:&quot;classic&quot;}\">\n\t\t\t\t\t<div class=\"e-con-inner\">\n\t\t\t\t<div class=\"elementor-element elementor-element-efaf9c1 elementor-widget elementor-widget-tp-button\" data-id=\"efaf9c1\" data-element_type=\"widget\" data-widget_type=\"tp-button.default\">\n\t\t\t\t<div class=\"elementor-widget-container\">\n\t\t\t\t\t\r\n\r\n\r\n<div class=\"align-box ele-section \"  >\r\n    <a href=\"https:\/\/wa.me\/595972472642?text=Hola%2C%20quiero%20el%20Starcloud\" target=\"_blank\" rel=\"nofollow\" class=\"tp-btn tp-icon-style tp-el-btn\">\u00a1Quiero el Starcloud!        <span>\r\n            <svg class=\"qodef-svg--custom-arrow qodef-m-arrow\" xmlns=\"http:\/\/www.w3.org\/2000\/svg\" width=\"14.2\"\r\n                height=\"14.2\" viewBox=\"0 0 14.2 14.2\">\r\n                <g>\r\n                    <path d=\"M13.2 9V1h-8M13.4.8.7 13.5\"><\/path>\r\n                    <path d=\"M13.2 9V1h-8M13.4.8.7 13.5\"><\/path>\r\n                <\/g>\r\n                <g>\r\n                    <path d=\"M13.2 9V1h-8M13.4.8.7 13.5\"><\/path>\r\n                    <path d=\"M13.2 9V1h-8M13.4.8.7 13.5\"><\/path>\r\n                <\/g>\r\n            <\/svg>\r\n        <\/span>\r\n    <\/a>\r\n<\/div>\r\n\r\n\t\t\t\t<\/div>\n\t\t\t\t<\/div>\n\t\t\t\t\t<\/div>\n\t\t\t\t<\/div>\n\t\t<div class=\"elementor-element elementor-element-ebc0db9 e-flex e-con-boxed e-con e-child\" data-id=\"ebc0db9\" data-element_type=\"container\">\n\t\t\t\t\t<div class=\"e-con-inner\">\n\t\t\t\t<div class=\"elementor-element elementor-element-235b404 elementor-widget elementor-widget-image\" data-id=\"235b404\" data-element_type=\"widget\" data-widget_type=\"image.default\">\n\t\t\t\t\t\t\t\t\t\t\t\t\t\t\t<img decoding=\"async\" width=\"138\" height=\"74\" src=\"https:\/\/starsoft.com.py\/v4\/wp-content\/uploads\/2025\/10\/blanco-3.jpg\" class=\"attachment-full size-full wp-image-5386\" alt=\"\" \/>\t\t\t\t\t\t\t\t\t\t\t\t\t\t\t<\/div>\n\t\t\t\t\t<\/div>\n\t\t\t\t<\/div>\n\t\t\t\t<\/div>\n\t\t\t\t<\/div>\n\t\t\t\t\t<\/div>\n\t\t\t\t<\/div>\n\t\t<div class=\"elementor-element elementor-element-22607e7 e-flex e-con-boxed e-con e-parent\" data-id=\"22607e7\" data-element_type=\"container\" data-settings=\"{&quot;background_background&quot;:&quot;classic&quot;}\">\n\t\t\t\t\t<div class=\"e-con-inner\">\n\t\t<div class=\"elementor-element elementor-element-e76dd11 e-con-full e-flex e-con e-child\" data-id=\"e76dd11\" data-element_type=\"container\">\n\t\t\t\t<div class=\"elementor-element elementor-element-19524fb elementor-absolute elementor-widget elementor-widget-tp-big-title\" data-id=\"19524fb\" data-element_type=\"widget\" data-settings=\"{&quot;_position&quot;:&quot;absolute&quot;}\" data-widget_type=\"tp-big-title.default\">\n\t\t\t\t<div class=\"elementor-widget-container\">\n\t\t\t\t\t\r\n\r\n\r\n\t\t\t\t<\/div>\n\t\t\t\t<\/div>\n\t\t\t\t<div class=\"elementor-element elementor-element-9b28a8c elementor-widget elementor-widget-tp-heading\" data-id=\"9b28a8c\" data-element_type=\"widget\" data-widget_type=\"tp-heading.default\">\n\t\t\t\t<div class=\"elementor-widget-container\">\n\t\t\t\t\t\r\n\r\n<div class=\"tp-offer-title-wrapper align-box tp-el-section \"  >\r\n\t\t<span class=\"tp-section-title-pre-2 tp-el-subtitle\">\/\/ <\/span>\r\n\t\t<h2 class=\"tp-section-title tp-el-title\">Caracter\u00edsticas generales<\/h2>\t<\/div>\r\n\r\n\t\t\t\t<\/div>\n\t\t\t\t<\/div>\n\t\t\t\t<\/div>\n\t\t<div class=\"elementor-element elementor-element-97f0622 e-con-full e-flex e-con e-child\" data-id=\"97f0622\" data-element_type=\"container\">\n\t\t\t\t<div class=\"elementor-element elementor-element-f11327f elementor-widget elementor-widget-services\" data-id=\"f11327f\" data-element_type=\"widget\" data-settings=\"{&quot;tp_anima_type&quot;:&quot;fadeInUp&quot;}\" data-widget_type=\"services.default\">\n\t\t\t\t<div class=\"elementor-widget-container\">\n\t\t\t\t\t\r\n\r\n<div class=\"tp-offer-2-item p-relative tp-offer-2-bg tp-el-section z-index-1 wow fadeInUp\" data-wow-duration=\"1s\" data-wow-delay=\"0.3s\">\r\n\r\n        <h2 class=\"tp-offer-2-title\"><a href=\"https:\/\/wa.me\/595972472642?text=Hola%2C%20quiero%20el%20Starcloud\" target=\"_blank\" rel=\"nofollow\">2 BASES DE DATOS<\/a><\/h2>            <div class=\"tp-offer-2-btn\">\r\n        <a href=\"https:\/\/wa.me\/595972472642?text=Hola%2C%20quiero%20el%20Starcloud\" target=\"_blank\" rel=\"nofollow\">\r\n            <span><i class=\"fa-regular fa-plus\"><\/i><\/span>\r\n        <\/a>\r\n    <\/div>\r\n            <div class=\"tp-offer-2-item-bg\" data-background=\"https:\/\/starsoft.com.py\/v4\/wp-content\/uploads\/2025\/10\/22c.jpg\"><\/div>\r\n    <\/div>\r\n\r\n\t\t\t\t<\/div>\n\t\t\t\t<\/div>\n\t\t\t\t<\/div>\n\t\t<div class=\"elementor-element elementor-element-70ca1a2 e-con-full e-flex e-con e-child\" data-id=\"70ca1a2\" data-element_type=\"container\">\n\t\t\t\t<div class=\"elementor-element elementor-element-a897705 elementor-widget elementor-widget-services\" data-id=\"a897705\" data-element_type=\"widget\" data-settings=\"{&quot;tp_anima_type&quot;:&quot;fadeInUp&quot;}\" data-widget_type=\"services.default\">\n\t\t\t\t<div class=\"elementor-widget-container\">\n\t\t\t\t\t\r\n\r\n<div class=\"tp-offer-2-item p-relative tp-offer-2-bg tp-el-section z-index-1 wow fadeInUp\" data-wow-duration=\"1s\" data-wow-delay=\"0.5s\">\r\n\r\n        <h2 class=\"tp-offer-2-title\"><a href=\"https:\/\/wa.me\/595972472642?text=Hola%2C%20quiero%20el%20Starcloud\" target=\"_blank\" rel=\"nofollow\">5GB DE ESPACIO<\/a><\/h2>            <div class=\"tp-offer-2-btn\">\r\n        <a href=\"https:\/\/wa.me\/595972472642?text=Hola%2C%20quiero%20el%20Starcloud\" target=\"_blank\" rel=\"nofollow\">\r\n            <span><i class=\"fa-regular fa-plus\"><\/i><\/span>\r\n        <\/a>\r\n    <\/div>\r\n            <div class=\"tp-offer-2-item-bg\" data-background=\"https:\/\/starsoft.com.py\/v4\/wp-content\/uploads\/2025\/10\/22c.jpg\"><\/div>\r\n    <\/div>\r\n\r\n\t\t\t\t<\/div>\n\t\t\t\t<\/div>\n\t\t\t\t<\/div>\n\t\t\t\t\t<\/div>\n\t\t\t\t<\/div>\n\t\t<div class=\"elementor-element elementor-element-bacdcf8 e-con-full e-flex e-con e-parent\" data-id=\"bacdcf8\" data-element_type=\"container\">\n\t\t\t\t<div class=\"elementor-element elementor-element-2a5474b elementor-hidden-tablet elementor-hidden-mobile elementor-widget elementor-widget-tp-cta\" data-id=\"2a5474b\" data-element_type=\"widget\" data-widget_type=\"tp-cta.default\">\n\t\t\t\t<div class=\"elementor-widget-container\">\n\t\t\t\t\t\r\n\r\n\r\n\r\n<section class=\"tp-contact-2-area tp-contact-2-p p-relative fix pt-165 pb-165 ele-section tp-brand-bg\">\r\n        <div class=\"tp-contact-bg\" data-background=\"https:\/\/starsoft.com.py\/v4\/wp-content\/uploads\/2024\/05\/contact-2-bg.jpg\"><\/div>\r\n            <div class=\"tp-contact-2-shape\" data-background=\"https:\/\/starsoft.com.py\/v4\/wp-content\/uploads\/2024\/05\/contact-2-shape.png\"><\/div>\r\n        <div class=\"container\">\r\n        <div class=\"row\">\r\n            <div class=\"col-lg-12\">\r\n                <div class=\"tp-contact-2-wrapper text-center p-relative z-index-1 wow fadeInUp\" data-wow-duration=\"1s\" data-wow-delay=\".3s\">\r\n                                        <h2 class=\"tp-contact-2-title\">Protegemos lo m\u00e1s valioso, <br>\nsu informaci\u00f3n<\/h2>                                                            <div class=\"tp-contact-2-btn\">\r\n                        <a href=\"https:\/\/wa.me\/595972472642?text=Hola%2C%20quiero%20el%20Starcloud\" class=\"tp-btn tp-icon-style\">Solicita el servicio                            <span>\r\n                                <svg class=\"qodef-svg--custom-arrow qodef-m-arrow\" xmlns=\"http:\/\/www.w3.org\/2000\/svg\" width=\"14.2\" height=\"14.2\" viewBox=\"0 0 14.2 14.2\">\r\n                                    <g><path d=\"M13.2 9V1h-8M13.4.8.7 13.5\"><\/path><path d=\"M13.2 9V1h-8M13.4.8.7 13.5\"><\/path><\/g>\r\n                                    <g><path d=\"M13.2 9V1h-8M13.4.8.7 13.5\"><\/path><path d=\"M13.2 9V1h-8M13.4.8.7 13.5\"><\/path><\/g>\r\n                                <\/svg>\r\n                            <\/span>\r\n                        <\/a>\r\n                    <\/div>\r\n                                    <\/div>\r\n            <\/div>\r\n        <\/div>\r\n    <\/div>\r\n<\/section>\r\n\r\n\t\t\t\t<\/div>\n\t\t\t\t<\/div>\n\t\t\t\t<\/div>\n\t\t<div class=\"elementor-element elementor-element-d1b4e4f e-flex e-con-boxed e-con e-parent\" data-id=\"d1b4e4f\" data-element_type=\"container\">\n\t\t\t\t\t<div class=\"e-con-inner\">\n\t\t\t\t<div class=\"elementor-element elementor-element-096e525 elementor-widget elementor-widget-heading\" data-id=\"096e525\" data-element_type=\"widget\" data-widget_type=\"heading.default\">\n\t\t\t\t\t<h2 class=\"elementor-heading-title elementor-size-default\">\u00bfC\u00d3MO FUNCIONA?<\/h2>\t\t\t\t<\/div>\n\t\t\t\t\t<\/div>\n\t\t\t\t<\/div>\n\t\t<div class=\"elementor-element elementor-element-24b666e e-flex e-con-boxed e-con e-parent\" data-id=\"24b666e\" data-element_type=\"container\">\n\t\t\t\t\t<div class=\"e-con-inner\">\n\t\t\t\t<div class=\"elementor-element elementor-element-1f3d4b4 elementor-widget elementor-widget-text-editor\" data-id=\"1f3d4b4\" data-element_type=\"widget\" data-widget_type=\"text-editor.default\">\n\t\t\t\t\t\t\t\t\t<p><strong>ADMINISTRADOR DE ESTUDIO CONTABLE (AEC).<\/strong><\/p><p>\u2022 En el Equipo que el cliente declare como servidor de su sistema se instalara un software que se configurar\u00e1 para que de manera desatendida realice copias de seguridad de su Base de Datos (Hasta 2BD) en un horario establecido.<br \/>\u2022 El Cliente debera proporcionar un correo para la creaci\u00f3n de la cuenta.<br \/>\u2022 Podr\u00e1 trabajar sin inconvenientes y podr\u00e1 tener control sobre el espacio reservado exclusivamente para usted.<\/p><p>\u00a0<\/p>\t\t\t\t\t\t\t\t<\/div>\n\t\t\t\t\t<\/div>\n\t\t\t\t<\/div>\n\t\t\t\t<\/div>\n\t\t","protected":false},"excerpt":{"rendered":"<p>22+ A\u00f1os de experiencia Tus datos seguros en nuestra nube. Es un servicio de alojamiento seguro en el DATACENTER con exclusividad para clientes de Starsoft. Con STARCLOUD podr\u00e1 complementar la seguridad sobre los backup que se realiza peri\u00f3dicamente de su sistema. Garant\u00eda y experiencia Asistencia t\u00e9cnica \u00a1Quiero el Starcloud! \/\/ Caracter\u00edsticas generales 2 BASES DE [&hellip;]<\/p>\n","protected":false},"author":1,"featured_media":0,"parent":0,"menu_order":0,"comment_status":"closed","ping_status":"open","template":"","meta":{"footnotes":""},"class_list":["post-5302","page","type-page","status-publish","hentry"],"_links":{"self":[{"href":"https:\/\/starsoft.com.py\/v4\/wp-json\/wp\/v2\/pages\/5302","targetHints":{"allow":["GET"]}}],"collection":[{"href":"https:\/\/starsoft.com.py\/v4\/wp-json\/wp\/v2\/pages"}],"about":[{"href":"https:\/\/starsoft.com.py\/v4\/wp-json\/wp\/v2\/types\/page"}],"author":[{"embeddable":true,"href":"https:\/\/starsoft.com.py\/v4\/wp-json\/wp\/v2\/users\/1"}],"replies":[{"embeddable":true,"href":"https:\/\/starsoft.com.py\/v4\/wp-json\/wp\/v2\/comments?post=5302"}],"version-history":[{"count":10,"href":"https:\/\/starsoft.com.py\/v4\/wp-json\/wp\/v2\/pages\/5302\/revisions"}],"predecessor-version":[{"id":5983,"href":"https:\/\/starsoft.com.py\/v4\/wp-json\/wp\/v2\/pages\/5302\/revisions\/5983"}],"wp:attachment":[{"href":"https:\/\/starsoft.com.py\/v4\/wp-json\/wp\/v2\/media?parent=5302"}],"curies":[{"name":"wp","href":"https:\/\/api.w.org\/{rel}","templated":true}]}}